
{"id":1418,"date":"2022-10-07T13:31:26","date_gmt":"2022-10-07T16:31:26","guid":{"rendered":"https:\/\/www.dbk.net.br\/?page_id=1418"},"modified":"2022-10-07T13:44:02","modified_gmt":"2022-10-07T16:44:02","slug":"apresentacao-dbk-summit-setembro-2022-ricardo","status":"publish","type":"page","link":"https:\/\/www.dbk.net.br\/en\/apresentacao-dbk-summit-setembro-2022-ricardo\/","title":{"rendered":"Apresenta\u00e7\u00e3o DBK Summit &#8211; Setembro 2022 &#8211; Ricardo"},"content":{"rendered":"<p><iframe loading=\"lazy\" src=\"https:\/\/www.dbk.net.br\/wp-content\/uploads\/2022\/10\/Apresentacao-DBK-Summit-Setembro_22_Ricardo.pdf\" width=\"100%\" height=\"600px\" style=\"border: none;\"><br \/>\nEste navegador n\u00e3o suporta PDFs.<\/iframe><\/p>","protected":false},"excerpt":{"rendered":"<p>Este navegador n\u00e3o suporta PDFs.<\/p>","protected":false},"author":6,"featured_media":0,"parent":0,"menu_order":0,"comment_status":"closed","ping_status":"closed","template":"..\/public\/views\/revslider-page-template.php","meta":{"_acf_changed":false,"footnotes":""},"class_list":["post-1418","page","type-page","status-publish","hentry"],"acf":[],"yoast_head":"<!-- This site is optimized with the Yoast SEO plugin v26.6 - https:\/\/yoast.com\/wordpress\/plugins\/seo\/ -->\n<title>Apresenta\u00e7\u00e3o DBK Summit - Setembro 2022 - Ricardo - DBK<\/title>\n<meta name=\"robots\" content=\"index, follow, max-snippet:-1, max-image-preview:large, max-video-preview:-1\" \/>\n<link rel=\"canonical\" href=\"https:\/\/www.dbk.net.br\/en\/apresentacao-dbk-summit-setembro-2022-ricardo\/\" \/>\n<meta property=\"og:locale\" content=\"en_US\" \/>\n<meta property=\"og:type\" content=\"article\" \/>\n<meta property=\"og:title\" content=\"Apresenta\u00e7\u00e3o DBK Summit - Setembro 2022 - Ricardo - DBK\" \/>\n<meta property=\"og:description\" content=\"Este navegador n\u00e3o suporta PDFs.\" \/>\n<meta property=\"og:url\" content=\"https:\/\/www.dbk.net.br\/en\/apresentacao-dbk-summit-setembro-2022-ricardo\/\" \/>\n<meta property=\"og:site_name\" content=\"DBK\" \/>\n<meta property=\"article:modified_time\" content=\"2022-10-07T16:44:02+00:00\" \/>\n<meta name=\"twitter:card\" content=\"summary_large_image\" \/>\n<meta name=\"twitter:label1\" content=\"Est. reading time\" \/>\n\t<meta name=\"twitter:data1\" content=\"1 minute\" \/>\n<script type=\"application\/ld+json\" class=\"yoast-schema-graph\">{\"@context\":\"https:\/\/schema.org\",\"@graph\":[{\"@type\":\"WebPage\",\"@id\":\"https:\/\/www.dbk.net.br\/apresentacao-dbk-summit-setembro-2022-ricardo\/\",\"url\":\"https:\/\/www.dbk.net.br\/apresentacao-dbk-summit-setembro-2022-ricardo\/\",\"name\":\"Apresenta\u00e7\u00e3o DBK Summit - Setembro 2022 - Ricardo - DBK\",\"isPartOf\":{\"@id\":\"https:\/\/www.dbk.net.br\/#website\"},\"datePublished\":\"2022-10-07T16:31:26+00:00\",\"dateModified\":\"2022-10-07T16:44:02+00:00\",\"breadcrumb\":{\"@id\":\"https:\/\/www.dbk.net.br\/apresentacao-dbk-summit-setembro-2022-ricardo\/#breadcrumb\"},\"inLanguage\":\"en-US\",\"potentialAction\":[{\"@type\":\"ReadAction\",\"target\":[\"https:\/\/www.dbk.net.br\/apresentacao-dbk-summit-setembro-2022-ricardo\/\"]}]},{\"@type\":\"BreadcrumbList\",\"@id\":\"https:\/\/www.dbk.net.br\/apresentacao-dbk-summit-setembro-2022-ricardo\/#breadcrumb\",\"itemListElement\":[{\"@type\":\"ListItem\",\"position\":1,\"name\":\"In\u00edcio\",\"item\":\"https:\/\/www.dbk.net.br\/\"},{\"@type\":\"ListItem\",\"position\":2,\"name\":\"Apresenta\u00e7\u00e3o DBK Summit &#8211; Setembro 2022 &#8211; Ricardo\"}]},{\"@type\":\"WebSite\",\"@id\":\"https:\/\/www.dbk.net.br\/#website\",\"url\":\"https:\/\/www.dbk.net.br\/\",\"name\":\"DBK\",\"description\":\"Dealership Brokers\",\"potentialAction\":[{\"@type\":\"SearchAction\",\"target\":{\"@type\":\"EntryPoint\",\"urlTemplate\":\"https:\/\/www.dbk.net.br\/?s={search_term_string}\"},\"query-input\":{\"@type\":\"PropertyValueSpecification\",\"valueRequired\":true,\"valueName\":\"search_term_string\"}}],\"inLanguage\":\"en-US\"}]}<\/script>\n<!-- \/ Yoast SEO plugin. -->","yoast_head_json":{"title":"Apresenta\u00e7\u00e3o DBK Summit - Setembro 2022 - Ricardo - DBK","robots":{"index":"index","follow":"follow","max-snippet":"max-snippet:-1","max-image-preview":"max-image-preview:large","max-video-preview":"max-video-preview:-1"},"canonical":"https:\/\/www.dbk.net.br\/en\/apresentacao-dbk-summit-setembro-2022-ricardo\/","og_locale":"en_US","og_type":"article","og_title":"Apresenta\u00e7\u00e3o DBK Summit - Setembro 2022 - Ricardo - DBK","og_description":"Este navegador n\u00e3o suporta PDFs.","og_url":"https:\/\/www.dbk.net.br\/en\/apresentacao-dbk-summit-setembro-2022-ricardo\/","og_site_name":"DBK","article_modified_time":"2022-10-07T16:44:02+00:00","twitter_card":"summary_large_image","twitter_misc":{"Est. reading time":"1 minute"},"schema":{"@context":"https:\/\/schema.org","@graph":[{"@type":"WebPage","@id":"https:\/\/www.dbk.net.br\/apresentacao-dbk-summit-setembro-2022-ricardo\/","url":"https:\/\/www.dbk.net.br\/apresentacao-dbk-summit-setembro-2022-ricardo\/","name":"Apresenta\u00e7\u00e3o DBK Summit - Setembro 2022 - Ricardo - DBK","isPartOf":{"@id":"https:\/\/www.dbk.net.br\/#website"},"datePublished":"2022-10-07T16:31:26+00:00","dateModified":"2022-10-07T16:44:02+00:00","breadcrumb":{"@id":"https:\/\/www.dbk.net.br\/apresentacao-dbk-summit-setembro-2022-ricardo\/#breadcrumb"},"inLanguage":"en-US","potentialAction":[{"@type":"ReadAction","target":["https:\/\/www.dbk.net.br\/apresentacao-dbk-summit-setembro-2022-ricardo\/"]}]},{"@type":"BreadcrumbList","@id":"https:\/\/www.dbk.net.br\/apresentacao-dbk-summit-setembro-2022-ricardo\/#breadcrumb","itemListElement":[{"@type":"ListItem","position":1,"name":"In\u00edcio","item":"https:\/\/www.dbk.net.br\/"},{"@type":"ListItem","position":2,"name":"Apresenta\u00e7\u00e3o DBK Summit &#8211; Setembro 2022 &#8211; Ricardo"}]},{"@type":"WebSite","@id":"https:\/\/www.dbk.net.br\/#website","url":"https:\/\/www.dbk.net.br\/","name":"DBK","description":"Dealership Brokers","potentialAction":[{"@type":"SearchAction","target":{"@type":"EntryPoint","urlTemplate":"https:\/\/www.dbk.net.br\/?s={search_term_string}"},"query-input":{"@type":"PropertyValueSpecification","valueRequired":true,"valueName":"search_term_string"}}],"inLanguage":"en-US"}]}},"_links":{"self":[{"href":"https:\/\/www.dbk.net.br\/en\/wp-json\/wp\/v2\/pages\/1418","targetHints":{"allow":["GET"]}}],"collection":[{"href":"https:\/\/www.dbk.net.br\/en\/wp-json\/wp\/v2\/pages"}],"about":[{"href":"https:\/\/www.dbk.net.br\/en\/wp-json\/wp\/v2\/types\/page"}],"author":[{"embeddable":true,"href":"https:\/\/www.dbk.net.br\/en\/wp-json\/wp\/v2\/users\/6"}],"replies":[{"embeddable":true,"href":"https:\/\/www.dbk.net.br\/en\/wp-json\/wp\/v2\/comments?post=1418"}],"version-history":[{"count":2,"href":"https:\/\/www.dbk.net.br\/en\/wp-json\/wp\/v2\/pages\/1418\/revisions"}],"predecessor-version":[{"id":1430,"href":"https:\/\/www.dbk.net.br\/en\/wp-json\/wp\/v2\/pages\/1418\/revisions\/1430"}],"wp:attachment":[{"href":"https:\/\/www.dbk.net.br\/en\/wp-json\/wp\/v2\/media?parent=1418"}],"curies":[{"name":"wp","href":"https:\/\/api.w.org\/{rel}","templated":true}]}}